{"id":18682,"date":"2023-08-22T09:42:54","date_gmt":"2023-08-22T14:42:54","guid":{"rendered":"https:\/\/postresdianacarrion.com\/cocinaconmigo\/?post_type=product&#038;p=18682"},"modified":"2023-09-07T17:36:25","modified_gmt":"2023-09-07T22:36:25","slug":"e-book-postres-felicidad","status":"publish","type":"product","link":"https:\/\/postresdianacarrion.com\/cocinaconmigo\/producto\/e-book-postres-felicidad\/","title":{"rendered":"E-book Postres = Felicidad"},"content":{"rendered":"<p>30 Recetas<\/p>\n<p>Hay un poco de todo, algunos de los postres que incluye:<\/p>\n<p>\u2013 Galletas<br \/>\n\u2013 Barras<br \/>\n\u2013 Tortas y Bizcochos<br \/>\n\u2013 Cheesecakes<br \/>\n\u2013 Pies<br \/>\n\u2013 Salsas y Rellenos<\/p>\n<p>y m\u00e1s sorpresas deliciosas.<\/p>\n","protected":false},"excerpt":{"rendered":"<p>&nbsp;<\/p>\n<p>En este libro quiero entregarles algo m\u00e1s que un grupo de recetas que me encantan. Quiero que este libro los haga tener muchos momentos \u00fanicos, esos que luego se convierten en recuerdos que guardamos en nuestro coraz\u00f3n.<\/p>\n<p>30 recetas deliciosas para todo momento.<\/p>\n<p>Descarga instant\u00e1nea v\u00eda correo electr\u00f3nico. Guardar el e-book despu\u00e9s de descargarlo.<\/p>\n","protected":false},"featured_media":18683,"comment_status":"closed","ping_status":"closed","template":"","meta":[],"product_brand":[],"product_cat":[136],"product_tag":[],"class_list":{"0":"post-18682","1":"product","2":"type-product","3":"status-publish","4":"has-post-thumbnail","6":"product_cat-e-books","8":"first","9":"instock","10":"downloadable","11":"taxable","12":"shipping-taxable","13":"purchasable","14":"product-type-simple"},"jetpack-related-posts":[],"jetpack_sharing_enabled":true,"_links":{"self":[{"href":"https:\/\/postresdianacarrion.com\/cocinaconmigo\/wp-json\/wp\/v2\/product\/18682","targetHints":{"allow":["GET"]}}],"collection":[{"href":"https:\/\/postresdianacarrion.com\/cocinaconmigo\/wp-json\/wp\/v2\/product"}],"about":[{"href":"https:\/\/postresdianacarrion.com\/cocinaconmigo\/wp-json\/wp\/v2\/types\/product"}],"replies":[{"embeddable":true,"href":"https:\/\/postresdianacarrion.com\/cocinaconmigo\/wp-json\/wp\/v2\/comments?post=18682"}],"version-history":[{"count":4,"href":"https:\/\/postresdianacarrion.com\/cocinaconmigo\/wp-json\/wp\/v2\/product\/18682\/revisions"}],"predecessor-version":[{"id":18931,"href":"https:\/\/postresdianacarrion.com\/cocinaconmigo\/wp-json\/wp\/v2\/product\/18682\/revisions\/18931"}],"wp:featuredmedia":[{"embeddable":true,"href":"https:\/\/postresdianacarrion.com\/cocinaconmigo\/wp-json\/wp\/v2\/media\/18683"}],"wp:attachment":[{"href":"https:\/\/postresdianacarrion.com\/cocinaconmigo\/wp-json\/wp\/v2\/media?parent=18682"}],"wp:term":[{"taxonomy":"product_brand","embeddable":true,"href":"https:\/\/postresdianacarrion.com\/cocinaconmigo\/wp-json\/wp\/v2\/product_brand?post=18682"},{"taxonomy":"product_cat","embeddable":true,"href":"https:\/\/postresdianacarrion.com\/cocinaconmigo\/wp-json\/wp\/v2\/product_cat?post=18682"},{"taxonomy":"product_tag","embeddable":true,"href":"https:\/\/postresdianacarrion.com\/cocinaconmigo\/wp-json\/wp\/v2\/product_tag?post=18682"}],"curies":[{"name":"wp","href":"https:\/\/api.w.org\/{rel}","templated":true}]}}