{"id":19504,"date":"2023-11-23T19:51:30","date_gmt":"2023-11-24T00:51:30","guid":{"rendered":"https:\/\/postresdianacarrion.com\/cocinaconmigo\/?post_type=product&#038;p=19504"},"modified":"2024-05-30T13:50:22","modified_gmt":"2024-05-30T18:50:22","slug":"bundle-e-books-cocina-corazon-postres-felicidad","status":"publish","type":"product","link":"https:\/\/postresdianacarrion.com\/cocinaconmigo\/producto\/bundle-e-books-cocina-corazon-postres-felicidad\/","title":{"rendered":"Bundle E-Books: Cocina Coraz\u00f3n + Postres = Felicidad"},"content":{"rendered":"<p>\u00a1Obt\u00e9n mis dos eBooks a un precio especial en este incre\u00edble bundle!<\/p>\n<p>\u00a1Crea momentos especiales con un mont\u00f3n de recetas perfeccionadas que te van a encantar!<\/p>\n","protected":false},"excerpt":{"rendered":"<p>Con este bundle vas para tener una variedad de recetas para diferentes ocasiones.<\/p>\n<p><strong>Cocina Coraz\u00f3n:<\/strong> Recopilaci\u00f3n de muchas de mis recetas favoritas, de esas que tienen un significado m\u00e1s all\u00e1 de un postre delicioso.<\/p>\n<p><strong>Postres = Felicidad:<\/strong> Quiero entregarles algo m\u00e1s que un grupo de recetas que me encantan. Quiero que este libro los haga tener muchos momentos \u00fanicos, esos que luego se convierten en recuerdos que guardamos en nuestro coraz\u00f3n.<\/p>\n<p>Descarga instant\u00e1nea v\u00eda correo electr\u00f3nico. Guardar los e-book despu\u00e9s de descargarlos.<\/p>\n","protected":false},"featured_media":19508,"comment_status":"closed","ping_status":"closed","template":"","meta":[],"product_brand":[],"product_cat":[15],"product_tag":[],"class_list":{"0":"post-19504","1":"product","2":"type-product","3":"status-publish","4":"has-post-thumbnail","6":"product_cat-uncategorized","8":"first","9":"instock","10":"downloadable","11":"taxable","12":"shipping-taxable","13":"purchasable","14":"product-type-simple"},"jetpack-related-posts":[],"jetpack_sharing_enabled":true,"_links":{"self":[{"href":"https:\/\/postresdianacarrion.com\/cocinaconmigo\/wp-json\/wp\/v2\/product\/19504","targetHints":{"allow":["GET"]}}],"collection":[{"href":"https:\/\/postresdianacarrion.com\/cocinaconmigo\/wp-json\/wp\/v2\/product"}],"about":[{"href":"https:\/\/postresdianacarrion.com\/cocinaconmigo\/wp-json\/wp\/v2\/types\/product"}],"replies":[{"embeddable":true,"href":"https:\/\/postresdianacarrion.com\/cocinaconmigo\/wp-json\/wp\/v2\/comments?post=19504"}],"version-history":[{"count":3,"href":"https:\/\/postresdianacarrion.com\/cocinaconmigo\/wp-json\/wp\/v2\/product\/19504\/revisions"}],"predecessor-version":[{"id":19512,"href":"https:\/\/postresdianacarrion.com\/cocinaconmigo\/wp-json\/wp\/v2\/product\/19504\/revisions\/19512"}],"wp:featuredmedia":[{"embeddable":true,"href":"https:\/\/postresdianacarrion.com\/cocinaconmigo\/wp-json\/wp\/v2\/media\/19508"}],"wp:attachment":[{"href":"https:\/\/postresdianacarrion.com\/cocinaconmigo\/wp-json\/wp\/v2\/media?parent=19504"}],"wp:term":[{"taxonomy":"product_brand","embeddable":true,"href":"https:\/\/postresdianacarrion.com\/cocinaconmigo\/wp-json\/wp\/v2\/product_brand?post=19504"},{"taxonomy":"product_cat","embeddable":true,"href":"https:\/\/postresdianacarrion.com\/cocinaconmigo\/wp-json\/wp\/v2\/product_cat?post=19504"},{"taxonomy":"product_tag","embeddable":true,"href":"https:\/\/postresdianacarrion.com\/cocinaconmigo\/wp-json\/wp\/v2\/product_tag?post=19504"}],"curies":[{"name":"wp","href":"https:\/\/api.w.org\/{rel}","templated":true}]}}